{"id":254,"date":"2019-09-20T10:58:45","date_gmt":"2019-09-20T08:58:45","guid":{"rendered":"https:\/\/www.cantinalemandolare.com\/?page_id=254"},"modified":"2019-09-20T10:58:46","modified_gmt":"2019-09-20T08:58:46","slug":"terms-of-use-privacy-policy-and-cookies","status":"publish","type":"page","link":"https:\/\/www.cantinalemandolare.com\/en\/terms-of-use-privacy-policy-and-cookies\/","title":{"rendered":"Terms of use, Privacy Policy and Cookies"},"content":{"rendered":"<div class=\"wpb-content-wrapper\"><p>[vc_row css_animation=&#8221;&#8221; row_type=&#8221;row&#8221; use_row_as_full_screen_section=&#8221;no&#8221; type=&#8221;full_width&#8221; angled_section=&#8221;no&#8221; text_align=&#8221;left&#8221; background_image_as_pattern=&#8221;without_pattern&#8221; z_index=&#8221;&#8221; css=&#8221;.vc_custom_1548256899004{padding-top: 80px !important;padding-bottom: 80px !important;background-color: #f7f7f7 !important;}&#8221;][vc_column][vc_row_inner row_type=&#8221;row&#8221; type=&#8221;grid&#8221; text_align=&#8221;left&#8221; css_animation=&#8221;&#8221;][vc_column_inner][vc_column_text]<\/p>\n<h1 style=\"text-align: center;\">Terms of use, Privacy Policy and Cookies<\/h1>\n<p>[\/vc_column_text][vc_empty_space height=&#8221;40px&#8221;][vc_column_text]<\/p>\n<h2><strong>(AI SENSI DELL\u2019ARTICOLO 13 E 14 DEL REGOLAMENTO EUROPEO N. 679\/16)<\/strong><\/h2>\n<p>&nbsp;<\/p>\n<p>Il sito dell&#8217;<strong>AZIENDA AGRICOLA LE MANDOLARE DI DAL BOSCO E RODIGHIERO S.S., <\/strong>fin dalla sua progettazione, intende garantire il rispetto dei principi sanciti dal Regolamento UE n. 2016\/679 relativo alla protezione delle persone fisiche con particolare riguardo al Trattamento dei Dati Personali, nessuno escluso, nonch\u00e9 alla libera circolazione dei medesimi anche nell\u2019interesse pubblico coerentemente con il diritto alla trasparenza.<\/p>\n<p>&nbsp;<\/p>\n<p>L&#8217;<strong>AZIENDA AGRICOLA LE MANDOLARE DI DAL BOSCO E RODIGHIERO S.S<\/strong>.<strong>\u00a0<\/strong>garantisce agli interessati la possibilit\u00e0 di interagire con il proprio portale per usufruire liberamente dei servizi richiesti come per esempio l\u2019invio di newsletter o informative per le quali l\u2019interessato ha espresso consapevolmente il consenso al trattamento. \u00a0 I dati personali trattati \u2013 eventualmente raccolti o forniti negli appositi form dal navigatore \u2013 ed ogni altro tipo di informazione pertinente, sono accessibili attraverso l\u2019indirizzo <a href=\"https:\/\/www.cantinalemandolare.com\/\"><strong>https:\/\/www.cantinalemandolare.com\/<\/strong><\/a> corrispondente al sito ufficiale dell&#8217;<strong>AZIENDA AGRICOLA LE MANDOLARE DI DAL BOSCO E RODIGHIERO S.S.<\/strong><strong>.<\/strong><\/p>\n<p>&nbsp;<\/p>\n<p>Con la presente informativa l&#8217;<strong>AZIENDA AGRICOLA LE MANDOLARE DI DAL BOSCO E RODIGHIERO S.S.<\/strong>, oltre a descrivere le modalit\u00e0 di libera fruizione del sito, intende informare gli utenti ed i navigatori anche riguardo al trattamento dei dati personali e alle relative garanzie riconosciute dalla legge, ai sensi dell\u2019art. 13 del predetto \u201cRegolamento\u201d.<\/p>\n<p>Quest\u2019informativa \u00e8 resa esclusivamente per i dati personali contenuti o acquisiti durante la fruizione del sito dell&#8217;<strong>AZIENDA AGRICOLA LE MANDOLARE DI DAL BOSCO E RODIGHIERO S.S.<\/strong><strong>\u00a0<\/strong>e non per altri siti web (di cui l&#8217;AZIENDA AGRICOLA LE MANDOLARE DI DAL BOSCO E RODIGHIERO S.S. non \u00e8 responsabile o contitolare) che possono essere consultati dall\u2019utente tramite link.<\/p>\n<p>&nbsp;<\/p>\n<p><strong>Titolare del trattamento<\/strong><\/p>\n<p>Titolare del trattamento dei dati personali \u00e8 l&#8217;<strong>AZIENDA AGRICOLA LE MANDOLARE DI DAL BOSCO E RODIGHIERO S.S.<\/strong><strong>\u00a0<\/strong>nella persona del Legale Rappresentante protempore, domiciliato per la carica presso la sede istituzionale, attualmente il nominativo del Titolare \u00e8 la Sign. Rodighiero Chiara, reperibile a questo indirizzo: Via Sambuco, 180 &#8211; 37032 Brognoligo di Monteforte (VR) \u2013 Telefono: <a href=\"tel:+39 045 6175083\">+39 045 6175083<\/a> \u2013 Email:\u00a0<a href=\"mailto:info@cantinalemandolare.com\">info@cantinalemandolare.com<\/a><\/p>\n<p>&nbsp;<\/p>\n<p><strong>Finalit\u00e0 del trattamento e base giuridica<\/strong><\/p>\n<p>I dati personali verranno trattati coerentemente ai servizi offerti dall&#8217;<strong>AZIENDA AGRICOLA LE MANDOLARE DI DAL BOSCO E RODIGHIERO S.S.<\/strong>\u00a0attraverso il proprio portale per garantire la fornitura di beni e servizi pertinenti all\u2019oggetto dello statuto sociale nonch\u00e9 per permettere l\u2019attivit\u00e0 commerciale di marketing diretto (attivit\u00e0 per la quale la societ\u00e0 dispone di idoneo Registro del trattamento contenente le categorie di soggetti a cui si riferiscono i dati personali.<\/p>\n<p>Nell\u2019ambito di tali finalit\u00e0 il trattamento riguarda anche i dati relativi alle registrazioni al portale necessari per la gestione dei rapporti con l&#8217;<strong>AZIENDA AGRICOLA LE MANDOLARE DI DAL BOSCO E RODIGHIERO S.S.<\/strong>, nonch\u00e9 per consentire un\u2019efficace comunicazione istituzionale e per adempiere ad eventuali obblighi di legge, regolamentari o contrattuali.<\/p>\n<p>&nbsp;<\/p>\n<p><strong>Luogo e modalit\u00e0 del trattamento<\/strong><\/p>\n<p>I dati sono trattati esclusivamente nel Territorio Italiano da parte di personale istruito, formato e autorizzato al lecito trattamento dei dati secondo i principi di correttezza, liceit\u00e0, trasparenza, pertinenza e non eccedenza rispetto alle finalit\u00e0 di raccolta e di successivo trattamento.<\/p>\n<p>Il trattamento dei dati connessi ai servizi offerti dal sito dell&#8217;<strong>AZIENDA AGRICOLA LE MANDOLARE DI DAL BOSCO E RODIGHIERO S.S.<\/strong>\u00a0avviene per il tempo strettamente necessario a conseguire le finalit\u00e0 prefissate dall\u2019utente stesso al quale sono riservate tutte le misure minime di sicurezza (e di riservatezza) volte a prevenire la perdita dei dati, usi illeciti o non corretti ovvero accessi non autorizzati.<\/p>\n<p>I dati personali forniti dagli utenti che si registrano o utilizzano i servizi del sito dell&#8217;<strong>AZIENDA AGRICOLA LE MANDOLARE DI DAL BOSCO E RODIGHIERO S.S.<\/strong>\u00a0\u2013 quali\u00a0<strong>nome, cognome, indirizzo e-mail, telefono, azienda e sito web<\/strong> \u2013 possono essere utilizzati per altre operazioni di trattamento in termini compatibili con gli scopi della raccolta come ad esempio l\u2019invio, mediante posta elettronica, di comunicazioni coerenti con il servizio offerto e richiesto.<\/p>\n<p>I dati personali degli utenti che richiedono documenti o materiale\u00a0 informativo (newsletter, risposte a quesiti, atti e provvedimenti, ecc.) sono utilizzati solo per eseguire il servizio o la prestazione richiesta e non sono oggetto di cessione o diffusione.<\/p>\n<p>Non \u00e8 previsto l\u2019uso di trattamenti automatizzati o processi decisionali automatizzati o volti a profilare il fruitore del sito istituzionale dell&#8217;<strong>AZIENDA AGRICOLA LE MANDOLARE DI DAL BOSCO E RODIGHIERO S.S.<\/strong><\/p>\n<p>&nbsp;<\/p>\n<p><strong>Tipologia dei dati trattati e destinatari<\/strong><\/p>\n<p>Le categorie dei dati trattati nonch\u00e9 le categorie dei destinatari a cui si riferiscono i dati sono riportate nel Registro dei Trattamenti disponibile presso la sede dell&#8217;<strong>AZIENDA AGRICOLA LE MANDOLARE DI DAL BOSCO E RODIGHIERO S.S.<\/strong><\/p>\n<p>&nbsp;<\/p>\n<p><strong>Periodo di conservazione<\/strong><\/p>\n<p>I dati verranno conservati per un periodo di tempo non superiore al conseguimento delle finalit\u00e0 sopra indicate (\u201cprincipio di limitazione della conservazione\u201d, art.5, del Regolamento UE) o in base alle scadenze previste dalle norme di legge.<\/p>\n<p>&nbsp;<\/p>\n<p><strong>Trasferimento dei dati all\u2019estero<\/strong><\/p>\n<p>I dati non vengono trasferiti a paesi terzi al di fuori dello Spazio Economico Europeo.<\/p>\n<p>&nbsp;<\/p>\n<p><strong>DIRITTI DELL\u2019INTERESSATO<\/strong><\/p>\n<p>I diritti dell\u2019interessato (rif. articoli 15\u00f721 del Regolamento UE) possono essere esercitati in qualsiasi momento e si riassumono nel diritto:<\/p>\n<ul>\n<li>di ottenere la conferma dell\u2019esistenza o meno di un trattamento di dati personali che lo riguardano, e l\u2019accesso agli stessi;<\/li>\n<li>di ottenere la rettifica dei dati senza ingiustificato ritardo, inclusa l\u2019integrazione dei dati;<\/li>\n<li>di ottenere la cancellazione dei dati;<\/li>\n<li>di ottenere la limitazione del trattamento e la comunicazione di eventuale revoca della stessa;<\/li>\n<li>alla portabilit\u00e0 dei dati;<\/li>\n<li>di proporre reclamo a un\u2019autorit\u00e0 di controllo.<\/li>\n<\/ul>\n<p>Quanto sopra fatta salva l\u2019esistenza di motivi legittimi da parte del Titolare.<\/p>\n<p>&nbsp;<\/p>\n<p>&nbsp;<\/p>\n<h2><strong>INFORMATIVA SULL\u2019USO DEI COOKIES<\/strong><\/h2>\n<p>&nbsp;<\/p>\n<p>Il sito web, per un miglior funzionamento e per garantire servizi erogati da terze parti utilizza Cookies rilasciati dal TITOLARE o da terze parti.<\/p>\n<p>&nbsp;<\/p>\n<p><strong>I cookie rilasciati dal TITOLARE<\/strong><\/p>\n<p>I cookies rilasciati dal TITOLARE navigando in questo sito web sono \u201ctecnici\u201d e sono quelli utilizzati al solo fine di\u00a0<em>\u201ceffettuare la trasmissione di una comunicazione su una rete di comunicazione elettronica, o nella misura strettamente necessaria al fornitore di un servizio della societ\u00e0 dell\u2019informazione esplicitamente richiesto dall\u2019abbonato o dall\u2019utente a erogare tale servizio\u201d\u00a0<\/em>(cfr. art. 122, comma 1, del Codice).<\/p>\n<p>Essi non vengono utilizzati per scopi ulteriori, e vengono installati con la normale navigazione nelle nostre pagine. Possono essere suddivisi in cookie di navigazione o di sessione, che garantiscono la normale navigazione e fruizione del sito web (permettendo di realizzare un acquisto o autenticarsi per accedere ad aree riservate); cookie di funzionalit\u00e0, che permettono all\u2019utente la navigazione in funzione di una serie di criteri selezionati (ad esempio, la lingua, i prodotti selezionati per l\u2019acquisto ecc.) al fine di migliorare il servizio reso allo stesso.<\/p>\n<p>Per l\u2019installazione di tali cookie non \u00e8 richiesto il preventivo consenso degli utenti, mentre resta fermo l\u2019obbligo di dare la presente informativa ai sensi dell\u2019art. 13 del Codice. \u00a0 Il presente sito non utilizza cookies di terze parti per finalit\u00e0 tecniche, di analisi o di profilazione e pubblicit\u00e0.<\/p>\n<p>&nbsp;<\/p>\n<p><strong>Cookies di terze parti per finalit\u00e0 statistiche o tecniche<\/strong><\/p>\n<p>Nel corso della navigazione sul sito, l\u2019utente pu\u00f2 ricevere sul suo terminale anche cookie fornitori diversi (c.d. cookie di \u201cterze parti\u201d); ci\u00f2 accade perch\u00e9 sul sito web visitato possono essere presenti elementi che risiedono su server diversi da quello sul quale si trova la pagina richiesta.<\/p>\n<p>IL TITOLARE usa cookies di terze solo per finalit\u00e0 tecniche, ad esempio cookies rilasciati per analizzare statisticamente gli accessi\/le visite al sito (cookie cosiddetti \u201canalytics\u201d) o per permettere l\u2019utilizzo di parti di codice rilasciate da soggetti terzi, che garantiscono un miglior uso del servizio (autenticazioni, pagine di amministrazione ecc.) I cookies di terze parti utilizzati in questo sito e le modalit\u00e0 per gestire l\u2019opt out (la disattivazione dei medesimi) sono di seguito indicati:<\/p>\n<p><em>\u2013\u00a0<\/em><strong>Google Analytics<\/strong><em>:<\/em>\u00a0servizio di analisi del traffico web fornito da Google, Inc. (\u201cGoogle\u201d). Tali cookie sono usati al solo fine di monitorare e migliorare le prestazioni del sito.<\/p>\n<p>Per ulteriori informazioni, si rinvia al link di seguito indicato: https:\/\/www.google.it\/policies\/privacy\/partners\/<\/p>\n<p>L\u2019utente pu\u00f2 disabilitare in modo selettivo l\u2019azione di Google Analytics installando sul proprio browser la componente di opt-out fornito da Google.<\/p>\n<p>Per disabilitare l\u2019azione di Google Analytics, si rinvia al link di seguito indicato: https:\/\/tools.google.com\/dlpage\/gaoptout<\/p>\n<p>&nbsp;<\/p>\n<p>Il presente sito non utilizza cookies propri o di terze parti per finalit\u00e0 di profilazione e pubblicit\u00e0.[\/vc_column_text][vc_empty_space height=&#8221;40px&#8221;][vc_column_text]<strong>INFORMATIVA SULL\u2019USO DEI COOKIES<\/strong><\/p>\n<p>Il sito web, per un miglior funzionamento e per garantire servizi erogati da terze parti utilizza Cookies rilasciati dal TITOLARE o da terze parti.<\/p>\n<p><u>I cookie rilasciati dal TITOLARE<\/u><\/p>\n<p>I cookies rilasciati dal TITOLARE navigando in questo sito web sono \u201ctecnici\u201d e sono quelli utilizzati al solo fine di <em>&#8220;effettuare la trasmissione di una comunicazione su una rete di comunicazione elettronica, o nella misura strettamente necessaria al fornitore di un servizio della societ\u00e0 dell&#8217;informazione esplicitamente richiesto dall&#8217;abbonato o dall&#8217;utente a erogare tale servizio&#8221; <\/em>(cfr. art. 122, comma 1, del Codice). Essi non vengono utilizzati per scopi ulteriori, e vengono installati con la normale navigazione nelle nostre pagine. Possono essere suddivisi in cookie di navigazione o di sessione, che garantiscono la normale navigazione e fruizione del sito web (permettendo di realizzare un acquisto o autenticarsi per accedere ad aree riservate); cookie di funzionalit\u00e0, che permettono all&#8217;utente la navigazione in funzione di una serie di criteri selezionati (ad esempio, la lingua, i prodotti selezionati per l&#8217;acquisto ecc.) al fine di migliorare il servizio reso allo stesso. Per l&#8217;installazione di tali cookie non \u00e8 richiesto il preventivo consenso degli utenti, mentre resta fermo l&#8217;obbligo di dare la presente informativa ai sensi dell&#8217;art. 13 del Codice.<\/p>\n<p><u>Cookies di terze parti per finalit\u00e0 statistiche o tecniche<\/u><\/p>\n<p>Nel corso della navigazione sul sito, l&#8217;utente pu\u00f2 ricevere sul suo terminale anche cookie fornitori diversi (c.d. cookie di &#8220;terze parti&#8221;); ci\u00f2 accade perch\u00e9 sul sito web visitato possono essere presenti elementi che risiedono su server diversi da quello sul quale si trova la pagina richiesta.<\/p>\n<p>IL TITOLARE usa cookies di terze solo per finalit\u00e0 tecniche, ad esempio cookies rilasciati per analizzare statisticamente gli accessi\/le visite al sito (cookie cosiddetti &#8220;analytics&#8221;) o per permettere l\u2019utilizzo di parti di codice rilasciate da soggetti terzi, che garantiscono un miglior uso del servizio (autenticazioni, pagine di amministrazione ecc.)<\/p>\n<p>I cookies di terze parti utilizzati in questo sito e le modalit\u00e0 per gestire l\u2019opt out (la disattivazione dei medesimi) sono di seguito indicati:<\/p>\n<p><em>&#8211; Google Analytics:<\/em> servizio di analisi del traffico web fornito da Google, Inc. (\u201cGoogle\u201d). Tali cookie sono usati al solo fine di monitorare e migliorare le prestazioni del sito. Per ulteriori informazioni, si rinvia al link di seguito indicato: https:\/\/www.google.it\/policies\/privacy\/partners\/<\/p>\n<p>L&#8217;utente pu\u00f2 disabilitare in modo selettivo l&#8217;azione di Google Analytics installando sul proprio browser la componente di opt-out fornito da Google. Per disabilitare l&#8217;azione di Google Analytics, si rinvia al link di seguito indicato: https:\/\/tools.google.com\/dlpage\/gaoptout<\/p>\n<p>&nbsp;<\/p>\n<p>Il presente sito non utilizza cookies propri o di terze parti per finalit\u00e0 di profilazione e pubblicit\u00e0.[\/vc_column_text][\/vc_column_inner][\/vc_row_inner][\/vc_column][\/vc_row]<\/p>\n<\/div>","protected":false},"excerpt":{"rendered":"<p>[vc_row css_animation=&#8221;&#8221; row_type=&#8221;row&#8221; use_row_as_full_screen_section=&#8221;no&#8221; type=&#8221;full_width&#8221; angled_section=&#8221;no&#8221; text_align=&#8221;left&#8221; background_image_as_pattern=&#8221;without_pattern&#8221; z_index=&#8221;&#8221; css=&#8221;.vc_custom_1548256899004{padding-top: 80px !important;padding-bottom: 80px !important;background-color: #f7f7f7 !important;}&#8221;][vc_column][vc_row_inner row_type=&#8221;row&#8221; type=&#8221;grid&#8221; text_align=&#8221;left&#8221; css_animation=&#8221;&#8221;][vc_column_inner][vc_column_text] Terms of use, Privacy Policy and Cookies [\/vc_column_text][vc_empty_space height=&#8221;40px&#8221;][vc_column_text] (AI SENSI DELL\u2019ARTICOLO 13 E 14 DEL REGOLAMENTO EUROPEO N. 679\/16) &nbsp; Il sito dell&#8217;AZIENDA AGRICOLA&#8230;<\/p>\n","protected":false},"author":2,"featured_media":0,"parent":0,"menu_order":0,"comment_status":"closed","ping_status":"closed","template":"full_width.php","meta":{"inline_featured_image":false,"footnotes":""},"class_list":["post-254","page","type-page","status-publish","hentry"],"yoast_head":"<!-- This site is optimized with the Yoast SEO plugin v27.4 - https:\/\/yoast.com\/product\/yoast-seo-wordpress\/ -->\n<title>Terms of use, Privacy Policy and Cookies - Cantina le Mandolare<\/title>\n<meta name=\"robots\" content=\"index, follow, max-snippet:-1, max-image-preview:large, max-video-preview:-1\" \/>\n<link rel=\"canonical\" href=\"https:\/\/www.cantinalemandolare.com\/en\/terms-of-use-privacy-policy-and-cookies\/\" \/>\n<meta property=\"og:locale\" content=\"en_US\" \/>\n<meta property=\"og:type\" content=\"article\" \/>\n<meta property=\"og:title\" content=\"Terms of use, Privacy Policy and Cookies - Cantina le Mandolare\" \/>\n<meta property=\"og:description\" content=\"[vc_row css_animation=&#8221;&#8221; row_type=&#8221;row&#8221; use_row_as_full_screen_section=&#8221;no&#8221; type=&#8221;full_width&#8221; angled_section=&#8221;no&#8221; text_align=&#8221;left&#8221; background_image_as_pattern=&#8221;without_pattern&#8221; z_index=&#8221;&#8221; css=&#8221;.vc_custom_1548256899004{padding-top: 80px !important;padding-bottom: 80px !important;background-color: #f7f7f7 !important;}&#8221;][vc_column][vc_row_inner row_type=&#8221;row&#8221; type=&#8221;grid&#8221; text_align=&#8221;left&#8221; css_animation=&#8221;&#8221;][vc_column_inner][vc_column_text] Terms of use, Privacy Policy and Cookies [\/vc_column_text][vc_empty_space height=&#8221;40px&#8221;][vc_column_text] (AI SENSI DELL\u2019ARTICOLO 13 E 14 DEL REGOLAMENTO EUROPEO N. 679\/16) &nbsp; Il sito dell&#8217;AZIENDA AGRICOLA...\" \/>\n<meta property=\"og:url\" content=\"https:\/\/www.cantinalemandolare.com\/en\/terms-of-use-privacy-policy-and-cookies\/\" \/>\n<meta property=\"og:site_name\" content=\"Cantina le Mandolare\" \/>\n<meta property=\"article:publisher\" content=\"https:\/\/www.facebook.com\/Le-Mandolare-272665786145368\/\" \/>\n<meta property=\"article:modified_time\" content=\"2019-09-20T08:58:46+00:00\" \/>\n<meta name=\"twitter:card\" content=\"summary_large_image\" \/>\n<meta name=\"twitter:label1\" content=\"Est. reading time\" \/>\n\t<meta name=\"twitter:data1\" content=\"10 minutes\" \/>\n<script type=\"application\/ld+json\" class=\"yoast-schema-graph\">{\"@context\":\"https:\\\/\\\/schema.org\",\"@graph\":[{\"@type\":\"WebPage\",\"@id\":\"https:\\\/\\\/www.cantinalemandolare.com\\\/en\\\/terms-of-use-privacy-policy-and-cookies\\\/\",\"url\":\"https:\\\/\\\/www.cantinalemandolare.com\\\/en\\\/terms-of-use-privacy-policy-and-cookies\\\/\",\"name\":\"Terms of use, Privacy Policy and Cookies - Cantina le Mandolare\",\"isPartOf\":{\"@id\":\"https:\\\/\\\/www.cantinalemandolare.com\\\/it\\\/#website\"},\"datePublished\":\"2019-09-20T08:58:45+00:00\",\"dateModified\":\"2019-09-20T08:58:46+00:00\",\"breadcrumb\":{\"@id\":\"https:\\\/\\\/www.cantinalemandolare.com\\\/en\\\/terms-of-use-privacy-policy-and-cookies\\\/#breadcrumb\"},\"inLanguage\":\"en-US\",\"potentialAction\":[{\"@type\":\"ReadAction\",\"target\":[\"https:\\\/\\\/www.cantinalemandolare.com\\\/en\\\/terms-of-use-privacy-policy-and-cookies\\\/\"]}]},{\"@type\":\"BreadcrumbList\",\"@id\":\"https:\\\/\\\/www.cantinalemandolare.com\\\/en\\\/terms-of-use-privacy-policy-and-cookies\\\/#breadcrumb\",\"itemListElement\":[{\"@type\":\"ListItem\",\"position\":1,\"name\":\"Home\",\"item\":\"https:\\\/\\\/www.cantinalemandolare.com\\\/en\\\/\"},{\"@type\":\"ListItem\",\"position\":2,\"name\":\"Terms of use, Privacy Policy and Cookies\"}]},{\"@type\":\"WebSite\",\"@id\":\"https:\\\/\\\/www.cantinalemandolare.com\\\/it\\\/#website\",\"url\":\"https:\\\/\\\/www.cantinalemandolare.com\\\/it\\\/\",\"name\":\"Cantina le Mandolare\",\"description\":\"Vino Soave\",\"publisher\":{\"@id\":\"https:\\\/\\\/www.cantinalemandolare.com\\\/it\\\/#organization\"},\"potentialAction\":[{\"@type\":\"SearchAction\",\"target\":{\"@type\":\"EntryPoint\",\"urlTemplate\":\"https:\\\/\\\/www.cantinalemandolare.com\\\/it\\\/?s={search_term_string}\"},\"query-input\":{\"@type\":\"PropertyValueSpecification\",\"valueRequired\":true,\"valueName\":\"search_term_string\"}}],\"inLanguage\":\"en-US\"},{\"@type\":\"Organization\",\"@id\":\"https:\\\/\\\/www.cantinalemandolare.com\\\/it\\\/#organization\",\"name\":\"Azienda Agricola Le Mandolare di Dal Bosco e Rodighiero\",\"url\":\"https:\\\/\\\/www.cantinalemandolare.com\\\/it\\\/\",\"logo\":{\"@type\":\"ImageObject\",\"inLanguage\":\"en-US\",\"@id\":\"https:\\\/\\\/www.cantinalemandolare.com\\\/it\\\/#\\\/schema\\\/logo\\\/image\\\/\",\"url\":\"https:\\\/\\\/www.cantinalemandolare.com\\\/wp-content\\\/uploads\\\/2019\\\/05\\\/logo-blu.svg\",\"contentUrl\":\"https:\\\/\\\/www.cantinalemandolare.com\\\/wp-content\\\/uploads\\\/2019\\\/05\\\/logo-blu.svg\",\"width\":1,\"height\":1,\"caption\":\"Azienda Agricola Le Mandolare di Dal Bosco e Rodighiero\"},\"image\":{\"@id\":\"https:\\\/\\\/www.cantinalemandolare.com\\\/it\\\/#\\\/schema\\\/logo\\\/image\\\/\"},\"sameAs\":[\"https:\\\/\\\/www.facebook.com\\\/Le-Mandolare-272665786145368\\\/\",\"https:\\\/\\\/www.instagram.com\\\/le_mandolare\\\/\"]}]}<\/script>\n<!-- \/ Yoast SEO plugin. -->","yoast_head_json":{"title":"Terms of use, Privacy Policy and Cookies - Cantina le Mandolare","robots":{"index":"index","follow":"follow","max-snippet":"max-snippet:-1","max-image-preview":"max-image-preview:large","max-video-preview":"max-video-preview:-1"},"canonical":"https:\/\/www.cantinalemandolare.com\/en\/terms-of-use-privacy-policy-and-cookies\/","og_locale":"en_US","og_type":"article","og_title":"Terms of use, Privacy Policy and Cookies - Cantina le Mandolare","og_description":"[vc_row css_animation=&#8221;&#8221; row_type=&#8221;row&#8221; use_row_as_full_screen_section=&#8221;no&#8221; type=&#8221;full_width&#8221; angled_section=&#8221;no&#8221; text_align=&#8221;left&#8221; background_image_as_pattern=&#8221;without_pattern&#8221; z_index=&#8221;&#8221; css=&#8221;.vc_custom_1548256899004{padding-top: 80px !important;padding-bottom: 80px !important;background-color: #f7f7f7 !important;}&#8221;][vc_column][vc_row_inner row_type=&#8221;row&#8221; type=&#8221;grid&#8221; text_align=&#8221;left&#8221; css_animation=&#8221;&#8221;][vc_column_inner][vc_column_text] Terms of use, Privacy Policy and Cookies [\/vc_column_text][vc_empty_space height=&#8221;40px&#8221;][vc_column_text] (AI SENSI DELL\u2019ARTICOLO 13 E 14 DEL REGOLAMENTO EUROPEO N. 679\/16) &nbsp; Il sito dell&#8217;AZIENDA AGRICOLA...","og_url":"https:\/\/www.cantinalemandolare.com\/en\/terms-of-use-privacy-policy-and-cookies\/","og_site_name":"Cantina le Mandolare","article_publisher":"https:\/\/www.facebook.com\/Le-Mandolare-272665786145368\/","article_modified_time":"2019-09-20T08:58:46+00:00","twitter_card":"summary_large_image","twitter_misc":{"Est. reading time":"10 minutes"},"schema":{"@context":"https:\/\/schema.org","@graph":[{"@type":"WebPage","@id":"https:\/\/www.cantinalemandolare.com\/en\/terms-of-use-privacy-policy-and-cookies\/","url":"https:\/\/www.cantinalemandolare.com\/en\/terms-of-use-privacy-policy-and-cookies\/","name":"Terms of use, Privacy Policy and Cookies - Cantina le Mandolare","isPartOf":{"@id":"https:\/\/www.cantinalemandolare.com\/it\/#website"},"datePublished":"2019-09-20T08:58:45+00:00","dateModified":"2019-09-20T08:58:46+00:00","breadcrumb":{"@id":"https:\/\/www.cantinalemandolare.com\/en\/terms-of-use-privacy-policy-and-cookies\/#breadcrumb"},"inLanguage":"en-US","potentialAction":[{"@type":"ReadAction","target":["https:\/\/www.cantinalemandolare.com\/en\/terms-of-use-privacy-policy-and-cookies\/"]}]},{"@type":"BreadcrumbList","@id":"https:\/\/www.cantinalemandolare.com\/en\/terms-of-use-privacy-policy-and-cookies\/#breadcrumb","itemListElement":[{"@type":"ListItem","position":1,"name":"Home","item":"https:\/\/www.cantinalemandolare.com\/en\/"},{"@type":"ListItem","position":2,"name":"Terms of use, Privacy Policy and Cookies"}]},{"@type":"WebSite","@id":"https:\/\/www.cantinalemandolare.com\/it\/#website","url":"https:\/\/www.cantinalemandolare.com\/it\/","name":"Cantina le Mandolare","description":"Vino Soave","publisher":{"@id":"https:\/\/www.cantinalemandolare.com\/it\/#organization"},"potentialAction":[{"@type":"SearchAction","target":{"@type":"EntryPoint","urlTemplate":"https:\/\/www.cantinalemandolare.com\/it\/?s={search_term_string}"},"query-input":{"@type":"PropertyValueSpecification","valueRequired":true,"valueName":"search_term_string"}}],"inLanguage":"en-US"},{"@type":"Organization","@id":"https:\/\/www.cantinalemandolare.com\/it\/#organization","name":"Azienda Agricola Le Mandolare di Dal Bosco e Rodighiero","url":"https:\/\/www.cantinalemandolare.com\/it\/","logo":{"@type":"ImageObject","inLanguage":"en-US","@id":"https:\/\/www.cantinalemandolare.com\/it\/#\/schema\/logo\/image\/","url":"https:\/\/www.cantinalemandolare.com\/wp-content\/uploads\/2019\/05\/logo-blu.svg","contentUrl":"https:\/\/www.cantinalemandolare.com\/wp-content\/uploads\/2019\/05\/logo-blu.svg","width":1,"height":1,"caption":"Azienda Agricola Le Mandolare di Dal Bosco e Rodighiero"},"image":{"@id":"https:\/\/www.cantinalemandolare.com\/it\/#\/schema\/logo\/image\/"},"sameAs":["https:\/\/www.facebook.com\/Le-Mandolare-272665786145368\/","https:\/\/www.instagram.com\/le_mandolare\/"]}]}},"_links":{"self":[{"href":"https:\/\/www.cantinalemandolare.com\/en\/wp-json\/wp\/v2\/pages\/254","targetHints":{"allow":["GET"]}}],"collection":[{"href":"https:\/\/www.cantinalemandolare.com\/en\/wp-json\/wp\/v2\/pages"}],"about":[{"href":"https:\/\/www.cantinalemandolare.com\/en\/wp-json\/wp\/v2\/types\/page"}],"author":[{"embeddable":true,"href":"https:\/\/www.cantinalemandolare.com\/en\/wp-json\/wp\/v2\/users\/2"}],"replies":[{"embeddable":true,"href":"https:\/\/www.cantinalemandolare.com\/en\/wp-json\/wp\/v2\/comments?post=254"}],"version-history":[{"count":1,"href":"https:\/\/www.cantinalemandolare.com\/en\/wp-json\/wp\/v2\/pages\/254\/revisions"}],"predecessor-version":[{"id":255,"href":"https:\/\/www.cantinalemandolare.com\/en\/wp-json\/wp\/v2\/pages\/254\/revisions\/255"}],"wp:attachment":[{"href":"https:\/\/www.cantinalemandolare.com\/en\/wp-json\/wp\/v2\/media?parent=254"}],"curies":[{"name":"wp","href":"https:\/\/api.w.org\/{rel}","templated":true}]}}